{"id":43,"date":"2021-12-30T03:25:59","date_gmt":"2021-12-30T03:25:59","guid":{"rendered":"https:\/\/www.3devok.com\/?page_id=43"},"modified":"2025-04-14T05:04:15","modified_gmt":"2025-04-14T05:04:15","slug":"become-a-partner","status":"publish","type":"page","link":"https:\/\/www.3devok.com\/fr\/become-a-partner\/","title":{"rendered":"Devenir un partenaire"},"content":{"rendered":"<p>[vc_row][vc_column][vc_column_text]<\/p>\n<p style=\"text-align: center;\">3DeVOK works with excellent partners to provide reliable and innovative one-stop 3D digitization solutions.<\/p>\n<p>[\/vc_column_text][vc_single_image image=&#8221;7183&#8243; img_size=&#8221;full&#8221;][vc_column_text]<\/p>\n<h2 class=\"title36\" style=\"text-align: center;\">Que cherchons-nous?<\/h2>\n<ul>\n<li>Vous partagez nos valeurs et \u00eates professionnel, passionn\u00e9, enthousiaste et plein d&#8217;espoir quant \u00e0 l&#8217;avenir de la num\u00e9risation 3D.<\/li>\n<li>Votre \u00e9quipe poss\u00e8de des concepteurs ou des ing\u00e9nieurs qui connaissent ZBrush, Blender ou 3ds Max et peuvent offrir un support technique sp\u00e9cialis\u00e9.<\/li>\n<li>Vous avez des commerciaux chevronn\u00e9s ayant de l&#8217;exp\u00e9rience dans la vente de scanners 3D ou dans la vente d&#8217;autres marques de scanners.<\/li>\n<li>Si vous avez une vaste exp\u00e9rience dans la vente de scanners 3D de qualit\u00e9 professionnelle ou d&#8217;imprimantes 3D de qualit\u00e9 professionnelle, ce serait une grande contribution.<\/li>\n<li>Un magasin de vente sur Amazon (avec une exp\u00e9rience de vente en ligne) sera un point bonus.<\/li>\n<\/ul>\n<p><strong>Nous attendons votre r\u00e9ponse avec impatience !<\/strong>[\/vc_column_text][\/vc_column][\/vc_row]<\/p>\n","protected":false},"excerpt":{"rendered":"<p>[vc_row][vc_column][vc_column_text] 3DeVOK works with excellent partners to provide reliable and innovative one-stop 3D digitization solutions. [\/vc_column_text][vc_single_image image=&#8221;7183&#8243; img_size=&#8221;full&#8221;][vc_column_text] Que cherchons-nous? Vous partagez nos valeurs et \u00eates professionnel, passionn\u00e9, enthousiaste et plein d&#8217;espoir quant \u00e0 l&#8217;avenir de la num\u00e9risation 3D. Votre \u00e9quipe poss\u00e8de des concepteurs ou des ing\u00e9nieurs qui connaissent ZBrush, Blender ou 3ds Max et [&hellip;]<\/p>\n","protected":false},"author":1,"featured_media":0,"parent":15,"menu_order":21,"comment_status":"closed","ping_status":"closed","template":"page-partner.php","meta":{"footnotes":""},"class_list":["post-43","page","type-page","status-publish","hentry"],"_links":{"self":[{"href":"https:\/\/www.3devok.com\/fr\/wp-json\/wp\/v2\/pages\/43","targetHints":{"allow":["GET"]}}],"collection":[{"href":"https:\/\/www.3devok.com\/fr\/wp-json\/wp\/v2\/pages"}],"about":[{"href":"https:\/\/www.3devok.com\/fr\/wp-json\/wp\/v2\/types\/page"}],"author":[{"embeddable":true,"href":"https:\/\/www.3devok.com\/fr\/wp-json\/wp\/v2\/users\/1"}],"replies":[{"embeddable":true,"href":"https:\/\/www.3devok.com\/fr\/wp-json\/wp\/v2\/comments?post=43"}],"version-history":[{"count":2,"href":"https:\/\/www.3devok.com\/fr\/wp-json\/wp\/v2\/pages\/43\/revisions"}],"predecessor-version":[{"id":7185,"href":"https:\/\/www.3devok.com\/fr\/wp-json\/wp\/v2\/pages\/43\/revisions\/7185"}],"up":[{"embeddable":true,"href":"https:\/\/www.3devok.com\/fr\/wp-json\/wp\/v2\/pages\/15"}],"wp:attachment":[{"href":"https:\/\/www.3devok.com\/fr\/wp-json\/wp\/v2\/media?parent=43"}],"curies":[{"name":"wp","href":"https:\/\/api.w.org\/{rel}","templated":true}]}}