{"id":41,"date":"2021-12-30T03:25:45","date_gmt":"2021-12-30T03:25:45","guid":{"rendered":"https:\/\/www.3devok.com\/?page_id=41"},"modified":"2025-07-18T09:17:52","modified_gmt":"2025-07-18T09:17:52","slug":"who-we-are","status":"publish","type":"page","link":"https:\/\/www.3devok.com\/fr\/who-we-are\/","title":{"rendered":"Qui nous sommes"},"content":{"rendered":"<p>[vc_row][vc_column][vc_column_text]<\/p>\n<h1>Qui nous sommes<\/h1>\n<p>[\/vc_column_text][vc_column_text]<\/p>\n<h2><strong><b>Introduction de la marque 3DeVOK<\/b><\/strong><\/h2>\n<p>Le 11 novembre 2024, iReal 3D de SCANTECH (HANGZHOU) CO.,LTD 3D a pr\u00e9sent\u00e9 un rafra\u00eechissement complet de la marque, se r\u00e9introduisant sous le nom de <strong>3DeVOK<\/strong>. Cette nouvelle identit\u00e9 refl\u00e8te notre engagement ferme \u00e0 pousser l&#8217;innovation technologique et \u00e0 hisser les capacit\u00e9s des produits vers l&#8217;avenir. Guid\u00e9e par un esprit de progr\u00e8s continu, 3DeVOK habilite les utilisateurs du monde entier avec des outils de productivit\u00e9 de niveau professionnel pour fa\u00e7onner un monde connect\u00e9 et num\u00e9ris\u00e9.<\/p>\n<p><img fetchpriority=\"high\" decoding=\"async\" class=\"alignnone size-full wp-image-6826\" src=\"https:\/\/www.3devok.com\/fr\/wp-content\/uploads\/2025\/01\/ScanTech.jpg\" alt=\"ScanTech\" width=\"1800\" height=\"1125\" srcset=\"https:\/\/www.3devok.com\/fr\/wp-content\/uploads\/2025\/01\/ScanTech.jpg 1800w, https:\/\/www.3devok.com\/fr\/wp-content\/uploads\/2025\/01\/ScanTech-300x188.jpg 300w, https:\/\/www.3devok.com\/fr\/wp-content\/uploads\/2025\/01\/ScanTech-1024x640.jpg 1024w, https:\/\/www.3devok.com\/fr\/wp-content\/uploads\/2025\/01\/ScanTech-768x480.jpg 768w, https:\/\/www.3devok.com\/fr\/wp-content\/uploads\/2025\/01\/ScanTech-1536x960.jpg 1536w, https:\/\/www.3devok.com\/fr\/wp-content\/uploads\/2025\/01\/ScanTech-1200x750.jpg 1200w\" sizes=\"(max-width: 1800px) 100vw, 1800px\" \/><\/p>\n<p>Depuis ses d\u00e9buts, 3DeVOK a h\u00e9rit\u00e9 de l&#8217;ADN robuste de m\u00e9trologie industrielle de SCANTECH (HANGZHOU) CO.,LTD 3D \u2013 une legacy int\u00e9gr\u00e9e non seulement dans notre mission et notre vision, mais aussi dans chaque d\u00e9tail de la conception de nos produits et du d\u00e9veloppement technique. Exploitant l&#8217;expertise de SCANTECH (HANGZHOU) CO.,LTD dans l&#8217;acquisition 3D de niveau industriel, 3DeVOK renforce ses comp\u00e9tences centrales en innovation et en excellence produit, prosp\u00e9rant sur le march\u00e9 mondial concurrentiel.<\/p>\n<p>Ax\u00e9e sur la num\u00e9risation visuelle 3D en couleur compl\u00e8te de niveau professionnel, 3DeVOK s&#8217;engage \u00e0 livrer des solutions num\u00e9riques 3D de pointe dans l&#8217;industrie. Cette rebranding marquent non seulement une r\u00e9flexion affin\u00e9e de notre voyage, mais aussi un plan bien con\u00e7u pour l&#8217;avenir. Avec six ans d&#8217;exp\u00e9rience derri\u00e8re nous, 3DeVOK entre dans un nouveau chapitre avec une identit\u00e9 rafra\u00eechie et des produits et services am\u00e9lior\u00e9s, se lan\u00e7ant vers une nouvelle \u00e8re passionnante !<\/p>\n<h2><strong><b><img decoding=\"async\" class=\"alignnone size-full wp-image-6643\" src=\"https:\/\/www.3devok.com\/fr\/wp-content\/uploads\/2024\/11\/who-we-are.jpg\" alt=\"who we are\" width=\"2000\" height=\"1125\" srcset=\"https:\/\/www.3devok.com\/fr\/wp-content\/uploads\/2024\/11\/who-we-are.jpg 2000w, https:\/\/www.3devok.com\/fr\/wp-content\/uploads\/2024\/11\/who-we-are-300x169.jpg 300w, https:\/\/www.3devok.com\/fr\/wp-content\/uploads\/2024\/11\/who-we-are-1024x576.jpg 1024w, https:\/\/www.3devok.com\/fr\/wp-content\/uploads\/2024\/11\/who-we-are-768x432.jpg 768w, https:\/\/www.3devok.com\/fr\/wp-content\/uploads\/2024\/11\/who-we-are-1536x864.jpg 1536w, https:\/\/www.3devok.com\/fr\/wp-content\/uploads\/2024\/11\/who-we-are-1200x675.jpg 1200w, https:\/\/www.3devok.com\/fr\/wp-content\/uploads\/2024\/11\/who-we-are-1980x1114.jpg 1980w\" sizes=\"(max-width: 2000px) 100vw, 2000px\" \/><\/b><\/strong><\/h2>\n<h2><strong><b>La signification derri\u00e8re 3DeVOK<\/b><\/strong><\/h2>\n<p>Le nom 3DeVOK fusionne le concept central de la technologie &#8220;3D&#8221; avec le mot &#8220;Evoke&#8221;, symbolisant notre objectif d&#8217;inspirer la cr\u00e9ativit\u00e9, d&#8217;am\u00e9liorer la productivit\u00e9 et de soutenir les entreprises et les individus dans la r\u00e9alisation de leur succ\u00e8s dans leurs parcours de transformation num\u00e9rique gr\u00e2ce \u00e0 une technologie avanc\u00e9e de balayage 3D.<\/p>\n<p>Notre vision est de transformer la technologie complexe de num\u00e9risation 3D en un outil extr\u00eamement rentable qui impulse le changement innovant, permettant \u00e0 chaque industrie d&#8217;atteindre un progr\u00e8s continu aliment\u00e9 par l&#8217;inspiration et l&#8217;efficacit\u00e9.<\/p>\n<h2><strong><b><img decoding=\"async\" class=\"alignnone size-full wp-image-6476\" src=\"https:\/\/www.3devok.com\/fr\/wp-content\/uploads\/2024\/11\/who-we-are-1.jpg\" alt=\"who we are - 3DeVOK\" width=\"2000\" height=\"1125\" srcset=\"https:\/\/www.3devok.com\/fr\/wp-content\/uploads\/2024\/11\/who-we-are-1.jpg 2000w, https:\/\/www.3devok.com\/fr\/wp-content\/uploads\/2024\/11\/who-we-are-1-300x169.jpg 300w, https:\/\/www.3devok.com\/fr\/wp-content\/uploads\/2024\/11\/who-we-are-1-1024x576.jpg 1024w, https:\/\/www.3devok.com\/fr\/wp-content\/uploads\/2024\/11\/who-we-are-1-768x432.jpg 768w, https:\/\/www.3devok.com\/fr\/wp-content\/uploads\/2024\/11\/who-we-are-1-1536x864.jpg 1536w, https:\/\/www.3devok.com\/fr\/wp-content\/uploads\/2024\/11\/who-we-are-1-1200x675.jpg 1200w, https:\/\/www.3devok.com\/fr\/wp-content\/uploads\/2024\/11\/who-we-are-1-1980x1114.jpg 1980w\" sizes=\"(max-width: 2000px) 100vw, 2000px\" \/><\/b><\/strong><\/h2>\n<h2><strong><b>Conception de logo<\/b><\/strong><\/h2>\n<h2><img loading=\"lazy\" decoding=\"async\" class=\"alignnone size-full wp-image-6477\" src=\"https:\/\/www.3devok.com\/fr\/wp-content\/uploads\/2024\/11\/Logo.png\" alt=\"LOGO\" width=\"1269\" height=\"308\" srcset=\"https:\/\/www.3devok.com\/fr\/wp-content\/uploads\/2024\/11\/Logo.png 1269w, https:\/\/www.3devok.com\/fr\/wp-content\/uploads\/2024\/11\/Logo-300x73.png 300w, https:\/\/www.3devok.com\/fr\/wp-content\/uploads\/2024\/11\/Logo-1024x249.png 1024w, https:\/\/www.3devok.com\/fr\/wp-content\/uploads\/2024\/11\/Logo-768x186.png 768w, https:\/\/www.3devok.com\/fr\/wp-content\/uploads\/2024\/11\/Logo-1200x291.png 1200w\" sizes=\"(max-width: 1269px) 100vw, 1269px\" \/><\/h2>\n<h2>Le logo 3DeVOK est simple mais puissant dans son design.<\/h2>\n<p>Les nouvelles couleurs de la marque \u2014 le Tech Blue dynamique et le Noir raffin\u00e9 et minimaliste \u2014 capturent \u00e0 la fois l&#8217;intelligence et la professionnalisme de notre marque, ainsi que la vitalit\u00e9 illimit\u00e9e de l&#8217;innovation technologique, conf\u00e9rant \u00e0 l&#8217;identit\u00e9 visuelle une richesse et une vivacit\u00e9Nuanc\u00e9e. Ce design est une expression puissante des valeurs de notre marque : &#8220;Innovation Illimit\u00e9e, Connecter le Monde Num\u00e9riquement.&#8221;<\/p>\n<p>L&#8217;int\u00e9gration de texte en anglais simple et de symboles graphiques refl\u00e8te un m\u00e9lange harmonieux d&#8217;\u00e9l\u00e9ments culturels. La typographie agile et moderne exude un esprit de pionnier, soulignant notre engagement dans la port\u00e9e mondiale.<\/p>\n<p>La lettre &#8220;e&#8221; hexagonale est le point fort du logo, repr\u00e9sentant la polyvalence et la sym\u00e9trie. Cette forme g\u00e9om\u00e9trique symbolise notre capacit\u00e9 \u00e0 fournir des solutions adaptatives et compl\u00e8tes pour diverses applications.<\/p>\n<p>Un gradient sophistiqu\u00e9 de bleu profond, associ\u00e9 \u00e0 un motif puissant de &#8220;vis&#8221;, signifie la transition du monde physique au monde virtuel, incarnant notre engagement dans la num\u00e9risation 3D et la transformation num\u00e9rique des industries par le biais de la r\u00e9alit\u00e9 virtuelle, des jumeaux num\u00e9riques, etc.<\/p>\n<p>Le graphisme de la &#8220;vis&#8221; refl\u00e8te vivement notre &#8220;esprit clou&#8221; \u2014 petit mais omnipr\u00e9sent, incarnant la durabilit\u00e9, la r\u00e9silience et la polyvalence. Cet \u00e9l\u00e9ment repr\u00e9sente la d\u00e9votion de 3DeVOK \u00e0 l&#8217;excellence dans chaque d\u00e9tail, cr\u00e9ant des outils de productivit\u00e9 qui pilotent la transformation num\u00e9rique dans toutes les industries. Ce design refl\u00e8te notre artisanat in\u00e9branlable et notre r\u00e9silience \u00e0 avancer \u00e0 travers l&#8217;innovation.<\/p>\n<h2><strong><b>\u00c0 propos de SCANTECH (HANGZHOU) CO.,LTD 3D<\/b><\/strong><\/h2>\n<p><a href=\"https:\/\/www.3d-scantech.com\/corporation\/about-scantech\/\" rel=\"nofollow noopener\" target=\"_blank\">SCANTECH (HANGZHOU) CO.,LTD<\/a> est l&#8217;une des premi\u00e8res entreprises de haute technologie \u00e0 commencer \u00e0 rechercher et \u00e0 d\u00e9velopper des appareils de mesure visuelle 3D portables \u00e0 travers le monde. Les produits SCANTECH (HANGZHOU) CO.,LTD sont vendus dans plus de 60 pays et r\u00e9gions, desservant plus de 5000 entreprises. La pr\u00e9sence de nos distributeurs et de nos \u00e9quipes de vente et d&#8217;assistance technique internationales s&#8217;est \u00e9tendue dans le monde entier, fournissant des solutions de mesure 3D de pointe \u00e0 des entreprises et des instituts de recherche de premier plan tels que COMAC, BMW, Volkswagen, GM, Apple, Siemens, JCB et Sany.<\/p>\n<p>SCANTECH (HANGZHOU) CO.,LTD a connu une croissance rapide depuis sa cr\u00e9ation gr\u00e2ce \u00e0 notre apport continu en R&amp;D et en gestion, ainsi qu&#8217;\u00e0 l&#8217;attraction de talents de premier ordre. Le vivier de talents nous permet de d\u00e9velopper une s\u00e9rie de syst\u00e8mes de mesure num\u00e9rique 3D exclusifs.<\/p>\n<p>Notre gamme de produits s&#8217;\u00e9tend des \u00e9quipements en ligne et hors ligne de qualit\u00e9 m\u00e9trologique et des scanners 3D couleur de qualit\u00e9 grand public, largement utilis\u00e9s dans les domaines de l&#8217;a\u00e9rospatiale, du transport automobile\/ferroviaire, de la fabrication m\u00e9canique, des soins m\u00e9dicaux et de la r\u00e9adaptation, des arts num\u00e9riques pour la t\u00e9l\u00e9vision et le cin\u00e9ma, de l&#8217;\u00e9ducation et recherche, protection du patrimoine culturel, impression 3D et VR\/AR. SCANTECH (HANGZHOU) CO.,LTD aide les entreprises \u00e0 r\u00e9aliser des solutions optimis\u00e9es de qualit\u00e9 et d&#8217;efficacit\u00e9 et ouvre un vaste territoire pour la num\u00e9risation 3D.<\/p>\n<p><img loading=\"lazy\" decoding=\"async\" class=\"alignnone size-full wp-image-6478\" src=\"https:\/\/www.3devok.com\/fr\/wp-content\/uploads\/2024\/11\/photo.png\" alt=\"3DeVOK scanners\" width=\"1267\" height=\"717\" srcset=\"https:\/\/www.3devok.com\/fr\/wp-content\/uploads\/2024\/11\/photo.png 1267w, https:\/\/www.3devok.com\/fr\/wp-content\/uploads\/2024\/11\/photo-300x170.png 300w, https:\/\/www.3devok.com\/fr\/wp-content\/uploads\/2024\/11\/photo-1024x579.png 1024w, https:\/\/www.3devok.com\/fr\/wp-content\/uploads\/2024\/11\/photo-768x435.png 768w, https:\/\/www.3devok.com\/fr\/wp-content\/uploads\/2024\/11\/photo-1200x679.png 1200w\" sizes=\"(max-width: 1267px) 100vw, 1267px\" \/>[\/vc_column_text][vc_column_text]<\/p>\n<h2>Mission<\/h2>\n<p>Num\u00e9risez tout pour cr\u00e9er un avenir en 3D[\/vc_column_text][vc_column_text]<\/p>\n<h2>Vision<\/h2>\n<p>\u00catre une marque mondiale de num\u00e9risation 3D[\/vc_column_text][vc_column_text]<strong>3DeVOK \u2013 Fournisseur professionnel de solutions innovantes de num\u00e9risation 3D<\/strong><\/p>\n<p>3DeVOK est une division commerciale ind\u00e9pendante de SCANTECH (HANGZHOU) CO.,LTD, responsable du d\u00e9veloppement d&#8217;applications innovantes num\u00e9riques 3D.<\/p>\n<p>Nous nous engageons \u00e0 fournir des solutions num\u00e9riques 3D plus professionnelles pour r\u00e9pondre aux besoins d&#8217;une vari\u00e9t\u00e9 d&#8217;industries, en mettant l&#8217;accent sur la <a href=\"https:\/\/www.3devok.com\/fr\/applications\/medical-rehabilitation\/\"><u>r\u00e9adaptation m\u00e9dicale et le traitement personnalis\u00e9<\/u><\/a>, la conception industrielle et MRO (maintenance, r\u00e9paration et op\u00e9rations), l&#8217;impression 3D, <a href=\"https:\/\/www.3devok.com\/fr\/applications\/reverse-engineering\/\"><u>l&#8217;ing\u00e9nierie inverse<\/u><\/a>, l&#8217;automobile conception de modification, <a href=\"https:\/\/www.3devok.com\/fr\/applications\/art-and-design\/\"><u>art et design<\/u><\/a>, conception et d\u00e9veloppement innovants, <a href=\"https:\/\/www.3devok.com\/fr\/applications\/cultural-relics-and-archaeology\/\"><u>num\u00e9risation 3D et protection des reliques culturelles<\/u><\/a>\u00a0(restauration de reliques culturelles, impression 3D pour la r\u00e9plication, affichage virtuel), <a href=\"https:\/\/www.3devok.com\/fr\/applications\/digital-humans\/\"><u>num\u00e9risation 3D du corps humain<\/u><\/a>\u00a0(portrait artistique impression 3D personnalisation, personnage virtuel 3D image, mod\u00e9lisation de personnages de film\/animation CG, personnalisation de v\u00eatements 3D, etc.), <a href=\"https:\/\/www.3devok.com\/fr\/applications\/virtual-display\/\"><u>affichage 3D virtuel<\/u><\/a>\u00a0(simulation virtuelle, affichage 3D en ligne, pr\u00e9sentation virtuelle AR\/VR, etc. ).<\/p>\n<p>3DeVOK, en se concentrant sur la technologie sous-jacente de la num\u00e9risation 3D, est capable de d\u00e9velopper ind\u00e9pendamment des algorithmes 3D plus avanc\u00e9s. Nous nous engageons \u00e0 rendre la technologie num\u00e9rique 3D plus intelligente accessible \u00e0 tous et \u00e0 toutes les organisations.[\/vc_column_text][\/vc_column][\/vc_row][vc_row][vc_column][vc_empty_space][\/vc_column][\/vc_row][vc_row][vc_column width=&#8221;1\/4&#8243;][vc_column_text]<\/p>\n<p style=\"text-align: center;\"><img loading=\"lazy\" decoding=\"async\" class=\"aligncenter wp-image-2217\" src=\"https:\/\/www.3devok.com\/fr\/wp-content\/uploads\/2022\/06\/innovation-150x150.png\" alt=\"\" width=\"100\" height=\"100\" srcset=\"https:\/\/www.3devok.com\/fr\/wp-content\/uploads\/2022\/06\/innovation-150x150.png 150w, https:\/\/www.3devok.com\/fr\/wp-content\/uploads\/2022\/06\/innovation-300x300.png 300w, https:\/\/www.3devok.com\/fr\/wp-content\/uploads\/2022\/06\/innovation.png 512w\" sizes=\"(max-width: 100px) 100vw, 100px\" \/><\/p>\n<p style=\"text-align: center;\">Solutions innovantes de num\u00e9risation 3D<\/p>\n<p>[\/vc_column_text][\/vc_column][vc_column width=&#8221;1\/4&#8243;][vc_column_text]<\/p>\n<p style=\"text-align: center;\"><img loading=\"lazy\" decoding=\"async\" class=\"aligncenter wp-image-2219\" src=\"https:\/\/www.3devok.com\/fr\/wp-content\/uploads\/2022\/06\/quality-150x150.png\" alt=\"\" width=\"100\" height=\"100\" srcset=\"https:\/\/www.3devok.com\/fr\/wp-content\/uploads\/2022\/06\/quality-150x150.png 150w, https:\/\/www.3devok.com\/fr\/wp-content\/uploads\/2022\/06\/quality-300x300.png 300w, https:\/\/www.3devok.com\/fr\/wp-content\/uploads\/2022\/06\/quality.png 512w\" sizes=\"(max-width: 100px) 100vw, 100px\" \/><\/p>\n<p style=\"text-align: center;\">Certifi\u00e9 ISO<\/p>\n<p>[\/vc_column_text][\/vc_column][vc_column width=&#8221;1\/4&#8243;][vc_column_text]<\/p>\n<p style=\"text-align: center;\"><img loading=\"lazy\" decoding=\"async\" class=\"aligncenter wp-image-2220\" src=\"https:\/\/www.3devok.com\/fr\/wp-content\/uploads\/2022\/06\/policy-150x150.png\" alt=\"\" width=\"100\" height=\"100\" srcset=\"https:\/\/www.3devok.com\/fr\/wp-content\/uploads\/2022\/06\/policy-150x150.png 150w, https:\/\/www.3devok.com\/fr\/wp-content\/uploads\/2022\/06\/policy-300x300.png 300w, https:\/\/www.3devok.com\/fr\/wp-content\/uploads\/2022\/06\/policy.png 512w\" sizes=\"(max-width: 100px) 100vw, 100px\" \/><\/p>\n<p style=\"text-align: center;\">Syst\u00e8me de propri\u00e9t\u00e9 intellectuelle<\/p>\n<p>[\/vc_column_text][\/vc_column][vc_column width=&#8221;1\/4&#8243;][vc_column_text]<\/p>\n<p style=\"text-align: center;\"><img loading=\"lazy\" decoding=\"async\" class=\"alignnone wp-image-2450\" src=\"https:\/\/www.3devok.com\/fr\/wp-content\/uploads\/2022\/06\/talent-management-150x150-1.png\" alt=\"\" width=\"100\" height=\"100\" \/><\/p>\n<p style=\"text-align: center;\">Investissement R&amp;D<\/p>\n<p>[\/vc_column_text][\/vc_column][\/vc_row]<\/p>\n","protected":false},"excerpt":{"rendered":"<p>[vc_row][vc_column][vc_column_text] Qui nous sommes [\/vc_column_text][vc_column_text] Introduction de la marque 3DeVOK Le 11 novembre 2024, iReal 3D de SCANTECH (HANGZHOU) CO.,LTD 3D a pr\u00e9sent\u00e9 un rafra\u00eechissement complet de la marque, se r\u00e9introduisant sous le nom de 3DeVOK. Cette nouvelle identit\u00e9 refl\u00e8te notre engagement ferme \u00e0 pousser l&#8217;innovation technologique et \u00e0 hisser les capacit\u00e9s des produits vers [&hellip;]<\/p>\n","protected":false},"author":1,"featured_media":0,"parent":15,"menu_order":22,"comment_status":"closed","ping_status":"closed","template":"page-who.php","meta":{"footnotes":""},"class_list":["post-41","page","type-page","status-publish","hentry"],"_links":{"self":[{"href":"https:\/\/www.3devok.com\/fr\/wp-json\/wp\/v2\/pages\/41","targetHints":{"allow":["GET"]}}],"collection":[{"href":"https:\/\/www.3devok.com\/fr\/wp-json\/wp\/v2\/pages"}],"about":[{"href":"https:\/\/www.3devok.com\/fr\/wp-json\/wp\/v2\/types\/page"}],"author":[{"embeddable":true,"href":"https:\/\/www.3devok.com\/fr\/wp-json\/wp\/v2\/users\/1"}],"replies":[{"embeddable":true,"href":"https:\/\/www.3devok.com\/fr\/wp-json\/wp\/v2\/comments?post=41"}],"version-history":[{"count":6,"href":"https:\/\/www.3devok.com\/fr\/wp-json\/wp\/v2\/pages\/41\/revisions"}],"predecessor-version":[{"id":7249,"href":"https:\/\/www.3devok.com\/fr\/wp-json\/wp\/v2\/pages\/41\/revisions\/7249"}],"up":[{"embeddable":true,"href":"https:\/\/www.3devok.com\/fr\/wp-json\/wp\/v2\/pages\/15"}],"wp:attachment":[{"href":"https:\/\/www.3devok.com\/fr\/wp-json\/wp\/v2\/media?parent=41"}],"curies":[{"name":"wp","href":"https:\/\/api.w.org\/{rel}","templated":true}]}}