{"id":28,"date":"2021-12-30T03:23:44","date_gmt":"2021-12-30T03:23:44","guid":{"rendered":"https:\/\/www.3devok.com\/?page_id=28"},"modified":"2025-07-18T06:46:22","modified_gmt":"2025-07-18T06:46:22","slug":"applications","status":"publish","type":"page","link":"https:\/\/www.3devok.com\/fr\/applications-3d-models\/applications\/","title":{"rendered":"Applications"},"content":{"rendered":"<p>[vc_row][vc_column][vc_column_text]<\/p>\n<h1>Applications de num\u00e9risation 3D<\/h1>\n<p>iReal 2E est un scanner 3D couleur \u00e9conomique mis \u00e0 niveau par SCANTECH (HANGZHOU) CO.,LTD. Il a une grande profondeur de champ et une zone de num\u00e9risation, et est sp\u00e9cialement con\u00e7u pour les objets de taille moyenne \u00e0 grande, les portraits et la num\u00e9risation du corps humain.<\/p>\n<p>Le syst\u00e8me de num\u00e9risation 3D est compos\u00e9 d&#8217;un scanner 3D couleur portable, d&#8217;un logiciel d&#8217;acquisition et de post-traitement de donn\u00e9es 3D. Vous pouvez num\u00e9riser des reliques culturelles, des \u0153uvres d&#8217;art, des sculptures, des portraits, des parties du corps humain et des pi\u00e8ces de voiture modifi\u00e9es de taille moyenne et grande en laboratoire ou sur place.<\/p>\n<p>Ce syst\u00e8me peut facilement obtenir des donn\u00e9es 3D des surfaces des articles et g\u00e9n\u00e9rer des formats de donn\u00e9es 3D standard (asc, stl, obj, etc.) gr\u00e2ce \u00e0 l&#8217;algorithme de post-traitement du logiciel pour la sortie des donn\u00e9es. Cela permet aux ing\u00e9nieurs d&#8217;utiliser un logiciel tiers pour la modification\/conception du mod\u00e8le, le retraitement ou l&#8217;impression 3D directement \u00e0 partir des donn\u00e9es num\u00e9ris\u00e9es si elles sont compl\u00e8tes.<\/p>\n<p>Le <a href=\"https:\/\/www.3devok.com\/fr\/products\/ireal-2e-3d-scanner\/\">scanner 3DeVOK<\/a> est largement utilis\u00e9 dans de nombreux domaines, tels que la mod\u00e9lisation du corps humain, la r\u00e9adaptation m\u00e9dicale, la conception artistique, etc. De plus, 3DeVOK fournit aux clients des solutions de num\u00e9risation 3D professionnelles \u00e0 guichet unique.[\/vc_column_text][\/vc_column][\/vc_row]<\/p>\n","protected":false},"excerpt":{"rendered":"<p>[vc_row][vc_column][vc_column_text] Applications de num\u00e9risation 3D iReal 2E est un scanner 3D couleur \u00e9conomique mis \u00e0 niveau par SCANTECH (HANGZHOU) CO.,LTD. Il a une grande profondeur de champ et une zone de num\u00e9risation, et est sp\u00e9cialement con\u00e7u pour les objets de taille moyenne \u00e0 grande, les portraits et la num\u00e9risation du corps humain. Le syst\u00e8me de [&hellip;]<\/p>\n","protected":false},"author":1,"featured_media":275,"parent":11,"menu_order":28,"comment_status":"closed","ping_status":"closed","template":"page-case.php","meta":{"footnotes":""},"class_list":["post-28","page","type-page","status-publish","has-post-thumbnail","hentry"],"_links":{"self":[{"href":"https:\/\/www.3devok.com\/fr\/wp-json\/wp\/v2\/pages\/28","targetHints":{"allow":["GET"]}}],"collection":[{"href":"https:\/\/www.3devok.com\/fr\/wp-json\/wp\/v2\/pages"}],"about":[{"href":"https:\/\/www.3devok.com\/fr\/wp-json\/wp\/v2\/types\/page"}],"author":[{"embeddable":true,"href":"https:\/\/www.3devok.com\/fr\/wp-json\/wp\/v2\/users\/1"}],"replies":[{"embeddable":true,"href":"https:\/\/www.3devok.com\/fr\/wp-json\/wp\/v2\/comments?post=28"}],"version-history":[{"count":1,"href":"https:\/\/www.3devok.com\/fr\/wp-json\/wp\/v2\/pages\/28\/revisions"}],"predecessor-version":[{"id":7218,"href":"https:\/\/www.3devok.com\/fr\/wp-json\/wp\/v2\/pages\/28\/revisions\/7218"}],"up":[{"embeddable":true,"href":"https:\/\/www.3devok.com\/fr\/wp-json\/wp\/v2\/pages\/11"}],"wp:featuredmedia":[{"embeddable":true,"href":"https:\/\/www.3devok.com\/fr\/wp-json\/wp\/v2\/media\/275"}],"wp:attachment":[{"href":"https:\/\/www.3devok.com\/fr\/wp-json\/wp\/v2\/media?parent=28"}],"curies":[{"name":"wp","href":"https:\/\/api.w.org\/{rel}","templated":true}]}}