{"id":43,"date":"2021-12-30T03:25:59","date_gmt":"2021-12-30T03:25:59","guid":{"rendered":"https:\/\/www.3devok.com\/?page_id=43"},"modified":"2025-04-14T05:06:15","modified_gmt":"2025-04-14T05:06:15","slug":"become-a-partner","status":"publish","type":"page","link":"https:\/\/www.3devok.com\/es\/become-a-partner\/","title":{"rendered":"Convi\u00e9rtase en socio"},"content":{"rendered":"<p>[vc_row][vc_column][vc_column_text]<\/p>\n<p style=\"text-align: center;\">3DeVOK works with excellent partners to provide reliable and innovative one-stop 3D digitization solutions.<\/p>\n<p>[\/vc_column_text][vc_single_image image=&#8221;6316&#8243; img_size=&#8221;full&#8221;][vc_column_text]<\/p>\n<h2 class=\"title36\" style=\"text-align: center;\">\u00bfQu\u00e9 estamos buscando?<\/h2>\n<ul>\n<li>Comparte nuestros valores y es profesional, apasionado, entusiasmado y optimista sobre el futuro de la digitalizaci\u00f3n 3D.<\/li>\n<li>Su equipo cuenta con dise\u00f1adores o ingenieros que conocen ZBrush, Blender o 3ds Max y pueden ofrecer soporte t\u00e9cnico especializado.<\/li>\n<li>Tiene representantes de ventas experimentados con experiencia en ventas de esc\u00e1neres 3D o ventas de otras marcas de esc\u00e1neres.<\/li>\n<li>Si tiene una amplia experiencia en la venta de esc\u00e1neres 3D de nivel profesional o impresoras 3D de nivel profesional, ser\u00eda una gran contribuci\u00f3n.<\/li>\n<li>Una tienda de ventas en Amazon (con experiencia en ventas en l\u00ednea) ser\u00e1 un punto extra.<\/li>\n<\/ul>\n<p><strong>\u00a1Esperamos ansiosamente su respuesta!<\/strong>[\/vc_column_text][\/vc_column][\/vc_row]<\/p>\n","protected":false},"excerpt":{"rendered":"<p>[vc_row][vc_column][vc_column_text] 3DeVOK works with excellent partners to provide reliable and innovative one-stop 3D digitization solutions. [\/vc_column_text][vc_single_image image=&#8221;6316&#8243; img_size=&#8221;full&#8221;][vc_column_text] \u00bfQu\u00e9 estamos buscando? Comparte nuestros valores y es profesional, apasionado, entusiasmado y optimista sobre el futuro de la digitalizaci\u00f3n 3D. Su equipo cuenta con dise\u00f1adores o ingenieros que conocen ZBrush, Blender o 3ds Max y pueden ofrecer [&hellip;]<\/p>\n","protected":false},"author":1,"featured_media":0,"parent":15,"menu_order":0,"comment_status":"closed","ping_status":"closed","template":"page-partner.php","meta":{"footnotes":""},"class_list":["post-43","page","type-page","status-publish","hentry"],"_links":{"self":[{"href":"https:\/\/www.3devok.com\/es\/wp-json\/wp\/v2\/pages\/43","targetHints":{"allow":["GET"]}}],"collection":[{"href":"https:\/\/www.3devok.com\/es\/wp-json\/wp\/v2\/pages"}],"about":[{"href":"https:\/\/www.3devok.com\/es\/wp-json\/wp\/v2\/types\/page"}],"author":[{"embeddable":true,"href":"https:\/\/www.3devok.com\/es\/wp-json\/wp\/v2\/users\/1"}],"replies":[{"embeddable":true,"href":"https:\/\/www.3devok.com\/es\/wp-json\/wp\/v2\/comments?post=43"}],"version-history":[{"count":3,"href":"https:\/\/www.3devok.com\/es\/wp-json\/wp\/v2\/pages\/43\/revisions"}],"predecessor-version":[{"id":6318,"href":"https:\/\/www.3devok.com\/es\/wp-json\/wp\/v2\/pages\/43\/revisions\/6318"}],"up":[{"embeddable":true,"href":"https:\/\/www.3devok.com\/es\/wp-json\/wp\/v2\/pages\/15"}],"wp:attachment":[{"href":"https:\/\/www.3devok.com\/es\/wp-json\/wp\/v2\/media?parent=43"}],"curies":[{"name":"wp","href":"https:\/\/api.w.org\/{rel}","templated":true}]}}