{"id":41,"date":"2021-12-30T03:25:45","date_gmt":"2021-12-30T03:25:45","guid":{"rendered":"https:\/\/www.3devok.com\/?page_id=41"},"modified":"2025-08-19T05:49:50","modified_gmt":"2025-08-19T05:49:50","slug":"who-we-are","status":"publish","type":"page","link":"https:\/\/www.3devok.com\/es\/who-we-are\/","title":{"rendered":"Quienes Somos"},"content":{"rendered":"<p>[vc_row][vc_column][vc_column_text]<\/p>\n<h1>Quienes somos<\/h1>\n<p>[\/vc_column_text][vc_column_text]<\/p>\n<h2><strong><b>Introducci\u00f3n de la Marca 3DeVOK<\/b><\/strong><\/h2>\n<p>El 11 de noviembre de 2024, iReal 3D de SCANTECH (HANGZHOU) CO.,LTD 3D present\u00f3 una renovaci\u00f3n completa de la marca, reintroduci\u00e9ndose como <strong>3DeVOK<\/strong>. Esta nueva identidad refleja nuestro firme compromiso con la innovaci\u00f3n tecnol\u00f3gica y la elevaci\u00f3n de las capacidades de los productos para el futuro. Guiados por un esp\u00edritu de progreso continuo, 3DeVOK capacita a los usuarios de todo el mundo con herramientas de productividad de nivel profesional para dar forma a un mundo conectado y digitalizado.<\/p>\n<p><img fetchpriority=\"high\" decoding=\"async\" class=\"alignnone size-full wp-image-5974\" src=\"https:\/\/www.3devok.com\/es\/wp-content\/uploads\/2025\/01\/ScanTech.jpg\" alt=\"ScanTech\" width=\"1800\" height=\"1125\" srcset=\"https:\/\/www.3devok.com\/es\/wp-content\/uploads\/2025\/01\/ScanTech.jpg 1800w, https:\/\/www.3devok.com\/es\/wp-content\/uploads\/2025\/01\/ScanTech-300x188.jpg 300w, https:\/\/www.3devok.com\/es\/wp-content\/uploads\/2025\/01\/ScanTech-1024x640.jpg 1024w, https:\/\/www.3devok.com\/es\/wp-content\/uploads\/2025\/01\/ScanTech-768x480.jpg 768w, https:\/\/www.3devok.com\/es\/wp-content\/uploads\/2025\/01\/ScanTech-1536x960.jpg 1536w, https:\/\/www.3devok.com\/es\/wp-content\/uploads\/2025\/01\/ScanTech-1200x750.jpg 1200w\" sizes=\"(max-width: 1800px) 100vw, 1800px\" \/><\/p>\n<p>Desde su creaci\u00f3n, 3DeVOK ha heredado el s\u00f3lido ADN de metrolog\u00eda industrial de SCANTECH (HANGZHOU) CO.,LTD 3D, una herencia que no solo est\u00e1 arraigada en nuestra misi\u00f3n y visi\u00f3n, sino tambi\u00e9n en cada detalle del dise\u00f1o de nuestros productos y el desarrollo t\u00e9cnico. Aprovechando la experiencia de SCANTECH (HANGZHOU) CO.,LTD 3D en escaneo 3D de grado industrial, 3DeVOK fortalece sus competencias centrales en innovaci\u00f3n y excelencia de producto, prosperando en el competitivo mercado global.<\/p>\n<p>Centrado en la digitalizaci\u00f3n visual en 3D a todo color de nivel profesional, 3DeVOK se dedica a ofrecer soluciones digitales 3D de vanguardia en la industria. Este rebranding no solo marca una reflexi\u00f3n refinada de nuestro viaje, sino tambi\u00e9n un blueprint cuidadosamente elaborado para el futuro. Con seis a\u00f1os de experiencia respald\u00e1ndonos, 3DeVOK inicia un nuevo cap\u00edtulo con una identidad renovada y productos y servicios potenciados, abri\u00e9ndonos camino hacia una emocionante nueva era!<\/p>\n<h2><img decoding=\"async\" class=\"alignnone size-full wp-image-5888\" src=\"https:\/\/www.3devok.com\/es\/wp-content\/uploads\/2024\/11\/who-we-are.jpg\" alt=\"who we are\" width=\"2000\" height=\"1125\" srcset=\"https:\/\/www.3devok.com\/es\/wp-content\/uploads\/2024\/11\/who-we-are.jpg 2000w, https:\/\/www.3devok.com\/es\/wp-content\/uploads\/2024\/11\/who-we-are-300x169.jpg 300w, https:\/\/www.3devok.com\/es\/wp-content\/uploads\/2024\/11\/who-we-are-1024x576.jpg 1024w, https:\/\/www.3devok.com\/es\/wp-content\/uploads\/2024\/11\/who-we-are-768x432.jpg 768w, https:\/\/www.3devok.com\/es\/wp-content\/uploads\/2024\/11\/who-we-are-1536x864.jpg 1536w, https:\/\/www.3devok.com\/es\/wp-content\/uploads\/2024\/11\/who-we-are-1200x675.jpg 1200w, https:\/\/www.3devok.com\/es\/wp-content\/uploads\/2024\/11\/who-we-are-1980x1114.jpg 1980w\" sizes=\"(max-width: 2000px) 100vw, 2000px\" \/><\/h2>\n<p>&nbsp;<\/p>\n<h2><strong><b>El significado detr\u00e1s de 3DeVOK<\/b><\/strong><\/h2>\n<p>El nombre 3DeVOK fusiona el concepto central de la tecnolog\u00eda \u201c3D\u201d con la palabra \u201cEvoke\u201d, simbolizando nuestro objetivo de inspirar la creatividad, mejorar la productividad y apoyar a las empresas e individuos en su camino hacia la transformaci\u00f3n digital, a trav\u00e9s de la avanzada tecnolog\u00eda de escaneo 3D.<\/p>\n<p>Nuestra visi\u00f3n es transformar la compleja tecnolog\u00eda de digitalizaci\u00f3n 3D en una herramienta altamente rentable que impulse el cambio innovador, permitiendo a cada industria lograr un progreso continuo alimentado por la inspiraci\u00f3n y la eficiencia.<\/p>\n<p><img decoding=\"async\" class=\"alignnone size-full wp-image-5764\" src=\"https:\/\/www.3devok.com\/es\/wp-content\/uploads\/2024\/11\/who-we-are-1-1.jpg\" alt=\"who we are \" width=\"2000\" height=\"1125\" srcset=\"https:\/\/www.3devok.com\/es\/wp-content\/uploads\/2024\/11\/who-we-are-1-1.jpg 2000w, https:\/\/www.3devok.com\/es\/wp-content\/uploads\/2024\/11\/who-we-are-1-1-300x169.jpg 300w, https:\/\/www.3devok.com\/es\/wp-content\/uploads\/2024\/11\/who-we-are-1-1-1024x576.jpg 1024w, https:\/\/www.3devok.com\/es\/wp-content\/uploads\/2024\/11\/who-we-are-1-1-768x432.jpg 768w, https:\/\/www.3devok.com\/es\/wp-content\/uploads\/2024\/11\/who-we-are-1-1-1536x864.jpg 1536w, https:\/\/www.3devok.com\/es\/wp-content\/uploads\/2024\/11\/who-we-are-1-1-1200x675.jpg 1200w, https:\/\/www.3devok.com\/es\/wp-content\/uploads\/2024\/11\/who-we-are-1-1-1980x1114.jpg 1980w\" sizes=\"(max-width: 2000px) 100vw, 2000px\" \/><\/p>\n<p>&nbsp;<\/p>\n<h2><strong><b>Dise\u00f1o de logotipo<\/b><\/strong><\/h2>\n<p><a href=\"https:\/\/www.3d-scantech.com\/corporation\/about-scantech\/\" rel=\"nofollow noopener\" target=\"_blank\"><img loading=\"lazy\" decoding=\"async\" class=\"alignnone size-full wp-image-5765\" src=\"https:\/\/www.3devok.com\/es\/wp-content\/uploads\/2024\/11\/Logo.png\" alt=\"Logo\" width=\"1269\" height=\"308\" srcset=\"https:\/\/www.3devok.com\/es\/wp-content\/uploads\/2024\/11\/Logo.png 1269w, https:\/\/www.3devok.com\/es\/wp-content\/uploads\/2024\/11\/Logo-300x73.png 300w, https:\/\/www.3devok.com\/es\/wp-content\/uploads\/2024\/11\/Logo-1024x249.png 1024w, https:\/\/www.3devok.com\/es\/wp-content\/uploads\/2024\/11\/Logo-768x186.png 768w, https:\/\/www.3devok.com\/es\/wp-content\/uploads\/2024\/11\/Logo-1200x291.png 1200w\" sizes=\"(max-width: 1269px) 100vw, 1269px\" \/><\/a><\/p>\n<p>El logotipo de 3DeVOK es simple pero potente en su dise\u00f1o. Los nuevos colores de la marca, el din\u00e1mico Tech Blue y el refinado Negro Minimalista, capturan tanto la inteligencia y profesionalismo de nuestra marca como la vitalidad ilimitada de la innovaci\u00f3n tecnol\u00f3gica, otorgando a la identidad visual una riqueza y vibrancia \u00fanicas. Este dise\u00f1o es una poderosa expresi\u00f3n de los valores de nuestra marca: \u201cInnovaci\u00f3n Sin L\u00edmites, Conectando el Mundo Digitalmente\u201d.<\/p>\n<p>La integraci\u00f3n de texto en ingl\u00e9s simple y s\u00edmbolos gr\u00e1ficos refleja una armoniosa fusi\u00f3n de elementos culturales. La tipograf\u00eda \u00e1gil y moderna desprende un esp\u00edritu pionero, subrayando nuestro compromiso con la expansi\u00f3n global.<\/p>\n<p>La \u201ce\u201d hexagonal es el punto de luz del logotipo, representando versatilidad y simetr\u00eda. Esta forma geom\u00e9trica simboliza nuestra capacidad para ofrecer soluciones adaptables y completas en diversas aplicaciones.<\/p>\n<p>Un gradiente sofisticado de azul profundo, acompa\u00f1ado del poderoso motivo de \u201ctornillo\u201d, se\u00f1ala la transici\u00f3n del mundo f\u00edsico al virtual, encarnando nuestro compromiso con la digitalizaci\u00f3n 3D y la transformaci\u00f3n digital de industrias a trav\u00e9s de la realidad virtual, los gemelos digitales y m\u00e1s.<\/p>\n<p>El gr\u00e1fico del \u201ctornillo\u201d refleja v\u00edvidamente nuestro \u201cesp\u00edritu de clavo\u201d \u2014peque\u00f1o pero omnipresente, que encarna durabilidad, resistencia y versatilidad. Este elemento representa la dedicaci\u00f3n de 3DeVOK a la excelencia en cada detalle, creando herramientas de productividad que impulsan la transformaci\u00f3n digital en todas las industrias. Este dise\u00f1o refleja nuestra infatigable dest.<\/p>\n<h2><\/h2>\n<h2><strong><b>Sobre \u00a0SCANTECH (HANGZHOU) CO.,LTD 3D<\/b><\/strong><\/h2>\n<p><a href=\"https:\/\/www.3d-scantech.com\/corporation\/about-scantech\/\" rel=\"nofollow noopener\" target=\"_blank\">SCANTECH (HANGZHOU)<\/a> CO., LTD. es un proveedor global de soluciones 3D integrales. Nos especializamos en I+D, producci\u00f3n y ventas de esc\u00e1neres 3D y sistemas 3D y contamos con una larga historia de desarrollo de hardware y software. Ofrecemos dos categor\u00edas principales de productos: esc\u00e1neres 3D industriales de alta precisi\u00f3n y esc\u00e1neres 3D profesionales rentables, incluidos esc\u00e1neres 3D port\u00e1tiles, esc\u00e1neres 3D de seguimiento, sistemas 3D automatizados industriales y esc\u00e1neres 3D en color profesionales.<\/p>\n<p>Nuestros productos se utilizan ampliamente en sectores industriales como el aeroespacial, automotriz, maquinaria de ingenier\u00eda, transporte, electr\u00f3nica 3C y energ\u00eda verde, as\u00ed como en industrias de aplicaciones digitales que incluyen educaci\u00f3n e investigaci\u00f3n, impresi\u00f3n 3D, arte y museos, medicina y salud, p\u00fablico seguridad y justicia, mundo virtual, etc. Estamos dedicados a proporcionar esc\u00e1neres 3D inteligentes, port\u00e1tiles y de alta precisi\u00f3n a los clientes y nos esforzamos por convertirnos en una marca l\u00edder mundial de medici\u00f3n visual 3D.[\/vc_column_text][vc_column_text]<\/p>\n<h2>Misi\u00f3n<\/h2>\n<p>Digitalice todo para crear un futuro en 3D[\/vc_column_text][vc_column_text]<\/p>\n<h2>Visi\u00f3n<\/h2>\n<p>Ser una marca l\u00edder mundial en digitalizaci\u00f3n 3D[\/vc_column_text][vc_column_text]<strong>3DeVOK: proveedor profesional de soluciones innovadoras de digitalizaci\u00f3n 3D<\/strong><\/p>\n<p>3DeVOK es una divisi\u00f3n comercial independiente de SCANTECH (HANGZHOU) CO.,LTD 3D, responsable del desarrollo de aplicaciones innovadoras digitales 3D.<\/p>\n<p>Estamos dedicados a proporcionar soluciones digitales 3D m\u00e1s profesionales para satisfacer las necesidades de una variedad de industrias, con un enfoque en <a href=\"https:\/\/www.3devok.com\/es\/applications\/medical-rehabilitation\/\">rehabilitaci\u00f3n m\u00e9dica y tratamiento personalizado<\/a>, dise\u00f1o industrial y MRO (mantenimiento, reparaci\u00f3n y operaciones), impresi\u00f3n 3D, <a href=\"https:\/\/www.3devok.com\/es\/applications\/reverse-engineering\/\">ingenier\u00eda inversa<\/a>, autom\u00f3vil dise\u00f1o de modificaciones, <a href=\"https:\/\/www.3devok.com\/es\/applications\/art-and-design\/\">arte y dise\u00f1o<\/a>, dise\u00f1o y desarrollo innovadores, <a href=\"https:\/\/www.3devok.com\/es\/applications\/cultural-relics-and-archaeology\/\">digitalizaci\u00f3n 3D y protecci\u00f3n de reliquias culturales<\/a> (restauraci\u00f3n de reliquias culturales, impresi\u00f3n 3D para replicaci\u00f3n, visualizaci\u00f3n virtual), <a href=\"https:\/\/www.3devok.com\/es\/applications\/digital-humans\/\">digitalizaci\u00f3n 3D del cuerpo humano<\/a> (personalizaci\u00f3n de impresi\u00f3n 3D de retratos art\u00edsticos, personalizaci\u00f3n de personajes virtuales 3D imagen, modelado de personajes CG de pel\u00edcula\/animaci\u00f3n, personalizaci\u00f3n 3D de ropa, etc.), <a href=\"https:\/\/www.3devok.com\/es\/applications\/virtual-display\/\">visualizaci\u00f3n 3D virtual<\/a> (simulaci\u00f3n virtual, visualizaci\u00f3n 3D en l\u00ednea, presentaci\u00f3n virtual AR\/VR, etc.).<\/p>\n<p>3DeVOK, al centrarse en la tecnolog\u00eda subyacente del escaneo 3D, puede desarrollar algoritmos 3D m\u00e1s avanzados de forma independiente. Estamos dedicados a hacer que la tecnolog\u00eda digital 3D m\u00e1s inteligente est\u00e9 disponible para todos y todas las organizaciones.<\/p>\n<p><img loading=\"lazy\" decoding=\"async\" class=\"alignnone size-full wp-image-5768\" src=\"https:\/\/www.3devok.com\/es\/wp-content\/uploads\/2024\/11\/photo.png\" alt=\"3DeVOK\" width=\"1267\" height=\"717\" srcset=\"https:\/\/www.3devok.com\/es\/wp-content\/uploads\/2024\/11\/photo.png 1267w, https:\/\/www.3devok.com\/es\/wp-content\/uploads\/2024\/11\/photo-300x170.png 300w, https:\/\/www.3devok.com\/es\/wp-content\/uploads\/2024\/11\/photo-1024x579.png 1024w, https:\/\/www.3devok.com\/es\/wp-content\/uploads\/2024\/11\/photo-768x435.png 768w, https:\/\/www.3devok.com\/es\/wp-content\/uploads\/2024\/11\/photo-1200x679.png 1200w\" sizes=\"(max-width: 1267px) 100vw, 1267px\" \/>[\/vc_column_text][\/vc_column][\/vc_row][vc_row][vc_column][vc_empty_space][\/vc_column][\/vc_row][vc_row][vc_column width=&#8221;1\/4&#8243;][vc_column_text]<\/p>\n<p style=\"text-align: center;\"><img loading=\"lazy\" decoding=\"async\" class=\"aligncenter wp-image-2217\" src=\"https:\/\/www.3devok.com\/es\/wp-content\/uploads\/2022\/06\/innovation-150x150.png\" alt=\"\" width=\"100\" height=\"100\" srcset=\"https:\/\/www.3devok.com\/es\/wp-content\/uploads\/2022\/06\/innovation-150x150.png 150w, https:\/\/www.3devok.com\/es\/wp-content\/uploads\/2022\/06\/innovation-300x300.png 300w, https:\/\/www.3devok.com\/es\/wp-content\/uploads\/2022\/06\/innovation.png 512w\" sizes=\"(max-width: 100px) 100vw, 100px\" \/><\/p>\n<p style=\"text-align: center;\">Soluciones innovadoras de digitalizaci\u00f3n 3D<\/p>\n<p>[\/vc_column_text][\/vc_column][vc_column width=&#8221;1\/4&#8243;][vc_column_text]<\/p>\n<p style=\"text-align: center;\"><img loading=\"lazy\" decoding=\"async\" class=\"aligncenter wp-image-2219\" src=\"https:\/\/www.3devok.com\/es\/wp-content\/uploads\/2022\/06\/quality-150x150.png\" alt=\"\" width=\"100\" height=\"100\" srcset=\"https:\/\/www.3devok.com\/es\/wp-content\/uploads\/2022\/06\/quality-150x150.png 150w, https:\/\/www.3devok.com\/es\/wp-content\/uploads\/2022\/06\/quality-300x300.png 300w, https:\/\/www.3devok.com\/es\/wp-content\/uploads\/2022\/06\/quality.png 512w\" sizes=\"(max-width: 100px) 100vw, 100px\" \/><\/p>\n<p style=\"text-align: center;\">Certificado ISO<\/p>\n<p>[\/vc_column_text][\/vc_column][vc_column width=&#8221;1\/4&#8243;][vc_column_text]<\/p>\n<p style=\"text-align: center;\"><img loading=\"lazy\" decoding=\"async\" class=\"aligncenter wp-image-2220\" src=\"https:\/\/www.3devok.com\/es\/wp-content\/uploads\/2022\/06\/policy-150x150.png\" alt=\"\" width=\"100\" height=\"100\" srcset=\"https:\/\/www.3devok.com\/es\/wp-content\/uploads\/2022\/06\/policy-150x150.png 150w, https:\/\/www.3devok.com\/es\/wp-content\/uploads\/2022\/06\/policy-300x300.png 300w, https:\/\/www.3devok.com\/es\/wp-content\/uploads\/2022\/06\/policy.png 512w\" sizes=\"(max-width: 100px) 100vw, 100px\" \/><\/p>\n<p style=\"text-align: center;\">Sistema de Propiedad Intelectual<\/p>\n<p>[\/vc_column_text][\/vc_column][vc_column width=&#8221;1\/4&#8243;][vc_column_text]<\/p>\n<p style=\"text-align: center;\"><img loading=\"lazy\" decoding=\"async\" class=\"alignnone wp-image-2450\" src=\"https:\/\/www.3devok.com\/es\/wp-content\/uploads\/2022\/06\/talent-management-150x150-1.png\" alt=\"\" width=\"100\" height=\"100\" \/><\/p>\n<p style=\"text-align: center;\">Inversi\u00f3n en Investigaci\u00f3n y Desarrollo<\/p>\n<p>[\/vc_column_text][\/vc_column][\/vc_row]<\/p>\n","protected":false},"excerpt":{"rendered":"<p>[vc_row][vc_column][vc_column_text] Quienes somos [\/vc_column_text][vc_column_text] Introducci\u00f3n de la Marca 3DeVOK El 11 de noviembre de 2024, iReal 3D de SCANTECH (HANGZHOU) CO.,LTD 3D present\u00f3 una renovaci\u00f3n completa de la marca, reintroduci\u00e9ndose como 3DeVOK. Esta nueva identidad refleja nuestro firme compromiso con la innovaci\u00f3n tecnol\u00f3gica y la elevaci\u00f3n de las capacidades de los productos para el futuro. [&hellip;]<\/p>\n","protected":false},"author":1,"featured_media":0,"parent":15,"menu_order":0,"comment_status":"closed","ping_status":"closed","template":"page-who.php","meta":{"footnotes":""},"class_list":["post-41","page","type-page","status-publish","hentry"],"_links":{"self":[{"href":"https:\/\/www.3devok.com\/es\/wp-json\/wp\/v2\/pages\/41","targetHints":{"allow":["GET"]}}],"collection":[{"href":"https:\/\/www.3devok.com\/es\/wp-json\/wp\/v2\/pages"}],"about":[{"href":"https:\/\/www.3devok.com\/es\/wp-json\/wp\/v2\/types\/page"}],"author":[{"embeddable":true,"href":"https:\/\/www.3devok.com\/es\/wp-json\/wp\/v2\/users\/1"}],"replies":[{"embeddable":true,"href":"https:\/\/www.3devok.com\/es\/wp-json\/wp\/v2\/comments?post=41"}],"version-history":[{"count":6,"href":"https:\/\/www.3devok.com\/es\/wp-json\/wp\/v2\/pages\/41\/revisions"}],"predecessor-version":[{"id":6468,"href":"https:\/\/www.3devok.com\/es\/wp-json\/wp\/v2\/pages\/41\/revisions\/6468"}],"up":[{"embeddable":true,"href":"https:\/\/www.3devok.com\/es\/wp-json\/wp\/v2\/pages\/15"}],"wp:attachment":[{"href":"https:\/\/www.3devok.com\/es\/wp-json\/wp\/v2\/media?parent=41"}],"curies":[{"name":"wp","href":"https:\/\/api.w.org\/{rel}","templated":true}]}}