{"id":31,"date":"2021-12-30T03:24:21","date_gmt":"2021-12-30T03:24:21","guid":{"rendered":"https:\/\/www.3devok.com\/?page_id=31"},"modified":"2025-08-14T09:45:02","modified_gmt":"2025-08-14T09:45:02","slug":"3d-models","status":"publish","type":"page","link":"https:\/\/www.3devok.com\/es\/3d-models\/","title":{"rendered":"Modelos 3D"},"content":{"rendered":"<p>Tanto el <a href=\"https:\/\/www.3devok.com\/es\/products\/ireal-2e-3d-scanner\/\">esc\u00e1ner profesional 3DeVOK<\/a> como el esc\u00e1ner l\u00e1ser SCANOLOGY 3D tienen la capacidad de capturar datos tridimensionales de alta precisi\u00f3n. Sin embargo, el esc\u00e1ner l\u00e1ser SCANOLOGY 3D es m\u00e1s preciso y puede escanear la mayor\u00eda de los elementos, incluidos los elementos peque\u00f1os, y el esc\u00e1ner 3DeVOK admite el escaneo en color y es m\u00e1s adecuado para objetos de tama\u00f1o mediano y grande.<\/p>\n<p><strong>Nota:<\/strong> Los siguientes modelos 3D son todas versiones simplificadas. Si necesita ver datos originales de alta calidad, descargue los archivos de datos 3D en la p\u00e1gina del modelo 3D correspondiente (se recomienda usar Chrome para asegurarse de descargar los datos correctamente).<\/p>\n","protected":false},"excerpt":{"rendered":"<p>Tanto el esc\u00e1ner profesional 3DeVOK como el esc\u00e1ner l\u00e1ser SCANOLOGY 3D tienen la capacidad de capturar datos tridimensionales de alta precisi\u00f3n. Sin embargo, el esc\u00e1ner l\u00e1ser SCANOLOGY 3D es m\u00e1s preciso y puede escanear la mayor\u00eda de los elementos, incluidos los elementos peque\u00f1os, y el esc\u00e1ner 3DeVOK admite el escaneo en color y es m\u00e1s [&hellip;]<\/p>\n","protected":false},"author":1,"featured_media":0,"parent":0,"menu_order":0,"comment_status":"closed","ping_status":"closed","template":"page-model.php","meta":{"footnotes":""},"class_list":["post-31","page","type-page","status-publish","hentry"],"_links":{"self":[{"href":"https:\/\/www.3devok.com\/es\/wp-json\/wp\/v2\/pages\/31","targetHints":{"allow":["GET"]}}],"collection":[{"href":"https:\/\/www.3devok.com\/es\/wp-json\/wp\/v2\/pages"}],"about":[{"href":"https:\/\/www.3devok.com\/es\/wp-json\/wp\/v2\/types\/page"}],"author":[{"embeddable":true,"href":"https:\/\/www.3devok.com\/es\/wp-json\/wp\/v2\/users\/1"}],"replies":[{"embeddable":true,"href":"https:\/\/www.3devok.com\/es\/wp-json\/wp\/v2\/comments?post=31"}],"version-history":[{"count":1,"href":"https:\/\/www.3devok.com\/es\/wp-json\/wp\/v2\/pages\/31\/revisions"}],"predecessor-version":[{"id":6464,"href":"https:\/\/www.3devok.com\/es\/wp-json\/wp\/v2\/pages\/31\/revisions\/6464"}],"wp:attachment":[{"href":"https:\/\/www.3devok.com\/es\/wp-json\/wp\/v2\/media?parent=31"}],"curies":[{"name":"wp","href":"https:\/\/api.w.org\/{rel}","templated":true}]}}