{"id":28,"date":"2021-12-30T03:23:44","date_gmt":"2021-12-30T03:23:44","guid":{"rendered":"https:\/\/www.3devok.com\/?page_id=28"},"modified":"2025-08-14T08:42:27","modified_gmt":"2025-08-14T08:42:27","slug":"applications","status":"publish","type":"page","link":"https:\/\/www.3devok.com\/es\/applications-3d-models\/applications\/","title":{"rendered":"Applications"},"content":{"rendered":"<p>[vc_row][vc_column][vc_column_text]<\/p>\n<h1>Aplicaciones de escaneo 3D<\/h1>\n<p>3DeVOK MQ es un esc\u00e1ner 3D en color rentable actualizado por 3DeVOK. Tiene una gran profundidad de campo y \u00e1rea de escaneo, y est\u00e1 especialmente dise\u00f1ado para objetos de tama\u00f1o mediano a grande, retratos y escaneo del cuerpo humano.<\/p>\n<p>El sistema de digitalizaci\u00f3n 3D est\u00e1 compuesto por un esc\u00e1ner 3D a color de mano, un software de adquisici\u00f3n y posprocesamiento de datos 3D. Puede escanear reliquias culturales, obras de arte, esculturas, retratos, partes del cuerpo humano y partes modificadas de autom\u00f3viles de tama\u00f1o mediano y grande en el laboratorio o en el sitio.<\/p>\n<p>Este sistema puede obtener f\u00e1cilmente datos 3D de las superficies de los art\u00edculos y generar formatos de datos 3D est\u00e1ndar (asc, stl, obj, etc.) a trav\u00e9s del propio algoritmo de procesamiento posterior del software para la salida de datos. Esto facilita a los ingenieros el uso de software de terceros para la modificaci\u00f3n\/dise\u00f1o de modelos, el reprocesamiento o la impresi\u00f3n 3D directamente desde los datos escaneados si est\u00e1n completos.<\/p>\n<p>El <a href=\"https:\/\/www.3devok.com\/es\/products\/ireal-2e-3d-scanner\/\">esc\u00e1ner 3DeVOK<\/a> se usa ampliamente en muchos campos, como el modelado del cuerpo humano, la rehabilitaci\u00f3n m\u00e9dica, el dise\u00f1o art\u00edstico, etc. Adem\u00e1s, 3DeVOK proporciona soluciones de digitalizaci\u00f3n 3D integrales y profesionales a los clientes.[\/vc_column_text][\/vc_column][\/vc_row]<\/p>\n","protected":false},"excerpt":{"rendered":"<p>[vc_row][vc_column][vc_column_text] Aplicaciones de escaneo 3D 3DeVOK MQ es un esc\u00e1ner 3D en color rentable actualizado por 3DeVOK. Tiene una gran profundidad de campo y \u00e1rea de escaneo, y est\u00e1 especialmente dise\u00f1ado para objetos de tama\u00f1o mediano a grande, retratos y escaneo del cuerpo humano. El sistema de digitalizaci\u00f3n 3D est\u00e1 compuesto por un esc\u00e1ner 3D [&hellip;]<\/p>\n","protected":false},"author":1,"featured_media":275,"parent":11,"menu_order":0,"comment_status":"closed","ping_status":"closed","template":"page-case.php","meta":{"footnotes":""},"class_list":["post-28","page","type-page","status-publish","has-post-thumbnail","hentry"],"_links":{"self":[{"href":"https:\/\/www.3devok.com\/es\/wp-json\/wp\/v2\/pages\/28","targetHints":{"allow":["GET"]}}],"collection":[{"href":"https:\/\/www.3devok.com\/es\/wp-json\/wp\/v2\/pages"}],"about":[{"href":"https:\/\/www.3devok.com\/es\/wp-json\/wp\/v2\/types\/page"}],"author":[{"embeddable":true,"href":"https:\/\/www.3devok.com\/es\/wp-json\/wp\/v2\/users\/1"}],"replies":[{"embeddable":true,"href":"https:\/\/www.3devok.com\/es\/wp-json\/wp\/v2\/comments?post=28"}],"version-history":[{"count":1,"href":"https:\/\/www.3devok.com\/es\/wp-json\/wp\/v2\/pages\/28\/revisions"}],"predecessor-version":[{"id":6447,"href":"https:\/\/www.3devok.com\/es\/wp-json\/wp\/v2\/pages\/28\/revisions\/6447"}],"up":[{"embeddable":true,"href":"https:\/\/www.3devok.com\/es\/wp-json\/wp\/v2\/pages\/11"}],"wp:featuredmedia":[{"embeddable":true,"href":"https:\/\/www.3devok.com\/es\/wp-json\/wp\/v2\/media\/275"}],"wp:attachment":[{"href":"https:\/\/www.3devok.com\/es\/wp-json\/wp\/v2\/media?parent=28"}],"curies":[{"name":"wp","href":"https:\/\/api.w.org\/{rel}","templated":true}]}}