{"id":43,"date":"2021-12-30T03:25:59","date_gmt":"2021-12-30T03:25:59","guid":{"rendered":"https:\/\/www.3devok.com\/?page_id=43"},"modified":"2025-04-14T05:05:45","modified_gmt":"2025-04-14T05:05:45","slug":"become-a-partner","status":"publish","type":"page","link":"https:\/\/www.3devok.com\/de\/become-a-partner\/","title":{"rendered":"Ein Partner werden"},"content":{"rendered":"<p>[vc_row][vc_column][vc_column_text]<\/p>\n<p style=\"text-align: center;\">3DeVOK works with excellent partners to provide reliable and innovative one-stop 3D digitization solutions.<\/p>\n<p>[\/vc_column_text][vc_single_image image=&#8221;7052&#8243; img_size=&#8221;full&#8221;][vc_column_text]<\/p>\n<h2 class=\"title36\" style=\"text-align: center;\">Was suchen wir?<\/h2>\n<ul>\n<li>Sie teilen unsere Werte und blicken professionell, leidenschaftlich, begeistert und hoffnungsvoll in die Zukunft der 3D-Digitalisierung.<\/li>\n<li>Ihr Team verf\u00fcgt \u00fcber Designer oder Ingenieure, die sich mit ZBrush, Blender oder 3ds Max auskennen und spezialisierten technischen Support bieten k\u00f6nnen.<\/li>\n<li>Sie verf\u00fcgen \u00fcber erfahrene Vertriebsmitarbeiter mit Erfahrung im Verkauf von 3D-Scannern oder im Verkauf von Scannern anderer Marken.<\/li>\n<li>Wenn Sie \u00fcber umfangreiche Erfahrung im Verkauf von professionellen 3D-Scannern oder professionellen 3D-Druckern verf\u00fcgen, w\u00e4re dies ein gro\u00dfartiger Beitrag.<\/li>\n<li>Ein Verkaufsgesch\u00e4ft auf Amazon (mit Online-Verkaufserfahrung) ist ein Bonuspunkt.<\/li>\n<\/ul>\n<p><strong>Wir warten gespannt auf Ihre Antwort!<\/strong>[\/vc_column_text][\/vc_column][\/vc_row]<\/p>\n","protected":false},"excerpt":{"rendered":"<p>[vc_row][vc_column][vc_column_text] 3DeVOK works with excellent partners to provide reliable and innovative one-stop 3D digitization solutions. [\/vc_column_text][vc_single_image image=&#8221;7052&#8243; img_size=&#8221;full&#8221;][vc_column_text] Was suchen wir? Sie teilen unsere Werte und blicken professionell, leidenschaftlich, begeistert und hoffnungsvoll in die Zukunft der 3D-Digitalisierung. Ihr Team verf\u00fcgt \u00fcber Designer oder Ingenieure, die sich mit ZBrush, Blender oder 3ds Max auskennen und spezialisierten [&hellip;]<\/p>\n","protected":false},"author":1,"featured_media":0,"parent":15,"menu_order":21,"comment_status":"closed","ping_status":"closed","template":"page-partner.php","meta":{"footnotes":""},"class_list":["post-43","page","type-page","status-publish","hentry"],"_links":{"self":[{"href":"https:\/\/www.3devok.com\/de\/wp-json\/wp\/v2\/pages\/43","targetHints":{"allow":["GET"]}}],"collection":[{"href":"https:\/\/www.3devok.com\/de\/wp-json\/wp\/v2\/pages"}],"about":[{"href":"https:\/\/www.3devok.com\/de\/wp-json\/wp\/v2\/types\/page"}],"author":[{"embeddable":true,"href":"https:\/\/www.3devok.com\/de\/wp-json\/wp\/v2\/users\/1"}],"replies":[{"embeddable":true,"href":"https:\/\/www.3devok.com\/de\/wp-json\/wp\/v2\/comments?post=43"}],"version-history":[{"count":2,"href":"https:\/\/www.3devok.com\/de\/wp-json\/wp\/v2\/pages\/43\/revisions"}],"predecessor-version":[{"id":7054,"href":"https:\/\/www.3devok.com\/de\/wp-json\/wp\/v2\/pages\/43\/revisions\/7054"}],"up":[{"embeddable":true,"href":"https:\/\/www.3devok.com\/de\/wp-json\/wp\/v2\/pages\/15"}],"wp:attachment":[{"href":"https:\/\/www.3devok.com\/de\/wp-json\/wp\/v2\/media?parent=43"}],"curies":[{"name":"wp","href":"https:\/\/api.w.org\/{rel}","templated":true}]}}