{"id":41,"date":"2021-12-30T03:25:45","date_gmt":"2021-12-30T03:25:45","guid":{"rendered":"https:\/\/www.3devok.com\/?page_id=41"},"modified":"2025-08-19T07:06:32","modified_gmt":"2025-08-19T07:06:32","slug":"who-we-are","status":"publish","type":"page","link":"https:\/\/www.3devok.com\/de\/who-we-are\/","title":{"rendered":"Wer wir sind"},"content":{"rendered":"<p>[vc_row][vc_column][vc_column_text]<\/p>\n<h1>Wer wir sind<\/h1>\n<p>[\/vc_column_text][vc_column_text]<\/p>\n<h2><strong><b>3DeVOK Markeneinf\u00fchrung<\/b><\/strong><\/h2>\n<p>Am 11. November 2024 pr\u00e4sentierte iReal 3D von SCANTECH (HANGZHOU) CO.,LTD\u00a03D eine vollst\u00e4ndige Markenerneuerung und stellte sich als <strong><b>3DeVOK<\/b><\/strong>\u00a0neu vor. Diese neue Identit\u00e4t spiegelt unseren unersch\u00fctterlichen Engagement f\u00fcr technologische Innovation und die Steigerung der Produktf\u00e4higkeiten f\u00fcr die Zukunft wider. Gef\u00fchrt vom Geist der kontinuierlichen Weiterentwicklung, versorgt 3DeVOK Benutzer weltweit mit professionellen Produktivit\u00e4tswerkzeugen, um einen vernetzten, digitalisierten Welt zu gestalten.<\/p>\n<p><img fetchpriority=\"high\" decoding=\"async\" class=\"alignnone size-full wp-image-6737\" src=\"https:\/\/www.3devok.com\/de\/wp-content\/uploads\/2025\/01\/ScanTech.jpg\" alt=\"ScanTech\" width=\"1800\" height=\"1125\" srcset=\"https:\/\/www.3devok.com\/de\/wp-content\/uploads\/2025\/01\/ScanTech.jpg 1800w, https:\/\/www.3devok.com\/de\/wp-content\/uploads\/2025\/01\/ScanTech-300x188.jpg 300w, https:\/\/www.3devok.com\/de\/wp-content\/uploads\/2025\/01\/ScanTech-1024x640.jpg 1024w, https:\/\/www.3devok.com\/de\/wp-content\/uploads\/2025\/01\/ScanTech-768x480.jpg 768w, https:\/\/www.3devok.com\/de\/wp-content\/uploads\/2025\/01\/ScanTech-1536x960.jpg 1536w, https:\/\/www.3devok.com\/de\/wp-content\/uploads\/2025\/01\/ScanTech-1200x750.jpg 1200w\" sizes=\"(max-width: 1800px) 100vw, 1800px\" \/><\/p>\n<p>Seit seiner Gr\u00fcndung hat 3DeVOK das robuste industrielle Metrologie-DNA von SCANTECH (HANGZHOU) CO.,LTD 3D geerbt \u2013 eine Tradition, die nicht nur in unserer Mission und Vision, sondern auch in jedem Detail unserer Produktdesigns und technischen Entwicklungen verankert ist. Durch die Nutzung der Expertise von SCANTECH (HANGZHOU) CO.,LTD 3D im industriellen 3D-Scanning, st\u00e4rkt 3DeVOK seine Kernkompetenzen in Innovation und Produktexzellenz und bl\u00fcht im wettbewerbsstarken globalen Markt.<\/p>\n<p>3DeVOK konzentriert sich auf die professionelle, farbige 3D-Visuelle Digitalisierung und ist bestrebt, f\u00fchrende 3D-Digitall\u00f6sungen zu liefern. Diese Markenerneuerung markiert nicht nur eine verfeinerte Reflexion unserer Reise, sondern auch ein sorgf\u00e4ltig gestaltetes Blueprint f\u00fcr die Zukunft. Mit sechs Jahren Erfahrung hinter uns, startet 3DeVOK einen neuen Abschnitt mit einer erneuerten Identit\u00e4t und verbesserten Produkten und Dienstleistungen, um eine aufregende neue \u00c4ra zu beginnen!<\/p>\n<p><img decoding=\"async\" class=\"alignnone size-full wp-image-6515\" src=\"https:\/\/www.3devok.com\/de\/wp-content\/uploads\/2024\/11\/who-we-are.jpg\" alt=\"who we are\" width=\"2000\" height=\"1125\" srcset=\"https:\/\/www.3devok.com\/de\/wp-content\/uploads\/2024\/11\/who-we-are.jpg 2000w, https:\/\/www.3devok.com\/de\/wp-content\/uploads\/2024\/11\/who-we-are-300x169.jpg 300w, https:\/\/www.3devok.com\/de\/wp-content\/uploads\/2024\/11\/who-we-are-1024x576.jpg 1024w, https:\/\/www.3devok.com\/de\/wp-content\/uploads\/2024\/11\/who-we-are-768x432.jpg 768w, https:\/\/www.3devok.com\/de\/wp-content\/uploads\/2024\/11\/who-we-are-1536x864.jpg 1536w, https:\/\/www.3devok.com\/de\/wp-content\/uploads\/2024\/11\/who-we-are-1200x675.jpg 1200w, https:\/\/www.3devok.com\/de\/wp-content\/uploads\/2024\/11\/who-we-are-1980x1114.jpg 1980w\" sizes=\"(max-width: 2000px) 100vw, 2000px\" \/><\/p>\n<p>&nbsp;<\/p>\n<h2><strong><b>Der Hintergrund von 3DeVOK<\/b><\/strong><\/h2>\n<p>Der Name 3DeVOK verbindet das zentrale Konzept der &#8220;3D&#8221;-Technologie mit dem Wort &#8220;Evoke&#8221;, was unsere Absicht symbolisiert, Kreativit\u00e4t zu inspirieren, Produktivit\u00e4t zu steigern und Unternehmen sowie Einzelpersonen bei ihrem Erfolg auf dem Weg der digitalen Transformation durch fortschrittliche 3D-Scanning-Technologie zu unterst\u00fctzen.<\/p>\n<p>Unsere Vision ist es, die komplexe 3D-Digitalisierungstechnologie in ein \u00e4u\u00dferst kosteneffektives Werkzeug zu verwandeln, das innovative Ver\u00e4nderungen anst\u00f6\u00dft und jeder Branche erm\u00f6glicht, kontinuierlichen Fortschritt durch Inspiration und Effizienz zu erreichen.<\/p>\n<p><img decoding=\"async\" class=\"alignnone size-full wp-image-6475\" src=\"https:\/\/www.3devok.com\/de\/wp-content\/uploads\/2024\/11\/who-we-are-1.jpg\" alt=\"who we are \" width=\"2000\" height=\"1125\" srcset=\"https:\/\/www.3devok.com\/de\/wp-content\/uploads\/2024\/11\/who-we-are-1.jpg 2000w, https:\/\/www.3devok.com\/de\/wp-content\/uploads\/2024\/11\/who-we-are-1-300x169.jpg 300w, https:\/\/www.3devok.com\/de\/wp-content\/uploads\/2024\/11\/who-we-are-1-1024x576.jpg 1024w, https:\/\/www.3devok.com\/de\/wp-content\/uploads\/2024\/11\/who-we-are-1-768x432.jpg 768w, https:\/\/www.3devok.com\/de\/wp-content\/uploads\/2024\/11\/who-we-are-1-1536x864.jpg 1536w, https:\/\/www.3devok.com\/de\/wp-content\/uploads\/2024\/11\/who-we-are-1-1200x675.jpg 1200w, https:\/\/www.3devok.com\/de\/wp-content\/uploads\/2024\/11\/who-we-are-1-1980x1114.jpg 1980w\" sizes=\"(max-width: 2000px) 100vw, 2000px\" \/><\/p>\n<h2><strong><b>Logo-Design<\/b><\/strong><\/h2>\n<p><img loading=\"lazy\" decoding=\"async\" class=\"alignnone size-full wp-image-6476\" src=\"https:\/\/www.3devok.com\/de\/wp-content\/uploads\/2024\/11\/Logo.png\" alt=\"Logo\" width=\"1269\" height=\"308\" srcset=\"https:\/\/www.3devok.com\/de\/wp-content\/uploads\/2024\/11\/Logo.png 1269w, https:\/\/www.3devok.com\/de\/wp-content\/uploads\/2024\/11\/Logo-300x73.png 300w, https:\/\/www.3devok.com\/de\/wp-content\/uploads\/2024\/11\/Logo-1024x249.png 1024w, https:\/\/www.3devok.com\/de\/wp-content\/uploads\/2024\/11\/Logo-768x186.png 768w, https:\/\/www.3devok.com\/de\/wp-content\/uploads\/2024\/11\/Logo-1200x291.png 1200w\" sizes=\"(max-width: 1269px) 100vw, 1269px\" \/><\/p>\n<h2>Das 3DeVOK-Logo ist in seinem Design einfach, aber wirksam.<\/h2>\n<p>Die neuen Markenfarben \u2013dynamisches Tech Blue und verfeinerter, minimalistisches Schwarz \u2013erfassen sowohl die Intelligenz und Professionalit\u00e4t unserer Marke als auch die unendliche Vitalit\u00e4t technologischer Innovationen. Sie verleihen der visuellen Identit\u00e4t eine vielschichtige F\u00fclle und Lebendigkeit. Dieses Design ist eine kraftvolle Ausdrucksform unserer Markenwerte: &#8220;Unbegrenzte Innovation, die Welt digital verbindet.&#8221;<\/p>\n<p>Die Integration von einfachem englischem Text und grafischen Symbolen spiegelt eine harmonische Verschmelzung kultureller Elemente wider. Die agilen, modernen Schriftarten strahlen einen Pioniergeist aus und unterstreichen unser Engagement f\u00fcr eine globale Reichweite.<\/p>\n<p>Das hexagonale \u201ce\u201d ist der H\u00f6hepunkt des Logos und symbolisiert Vielseitigkeit und Symmetrie. Diese geometrische Form zeigt unsere F\u00e4higkeit, anpassungsf\u00e4hige und umfassende L\u00f6sungen f\u00fcr eine Vielzahl von Anwendungen zu liefern.<\/p>\n<p>Ein eleganter Farbverlauf in tiefer Blau-T\u00f6nung, kombiniert mit einem kraftvollen \u201cSchrauben\u201d-Motiv, markiert den \u00dcbergang von der physischen in die virtuelle Welt. Es verk\u00f6rpert unser Engagement f\u00fcr die 3D-Digitalisierung und die digitale Transformation der Industrie durch Virtual Reality, Digital Twins und weitere Technologien.<\/p>\n<p>Das \u201cSchrauben\u201d-Grafikmotiv bringt unser \u201cNagelgeist\u201d zum Ausdruck \u2013 kleinen, aber \u00fcberall pr\u00e4sent, es steht f\u00fcr Haltbarkeit, Widerstandskraft und Vielseitigkeit. Dieses Element repr\u00e4sentiert 3DeVOK\u2019s Hingabe an Perfektion in jedem Detail, indem wir Produktivit\u00e4tswerkzeuge entwickeln, die die digitale Transformation in allen Branchen vorantreiben. Dieses Design spiegelt wider, wie wir mit unverw\u00fcstlichem Handwerk und Widerstandsf\u00e4higkeit durch Innovation vorankommen.<\/p>\n<h2><strong><b>\u00dcber SCANTECH (HANGZHOU) CO.,LTD<\/b><\/strong><\/h2>\n<p><a href=\"https:\/\/www.3d-scantech.com\/corporation\/about-scantech\/\" target=\"_blank\" rel=\"nofollow noopener\">SCANTECH (HANGZHOU) CO., LTD.<\/a> ist ein globaler Anbieter umfassender 3D-L\u00f6sungen. Wir sind auf Forschung und Entwicklung, Produktion und Vertrieb von 3D-Scannern und 3D-Systemen spezialisiert und k\u00f6nnen auf eine lange Geschichte in der Entwicklung von Hardware und Software zur\u00fcckblicken. Wir bieten zwei Hauptproduktkategorien an: industrielle hochpr\u00e4zise 3D-Scanner und professionelle kosteng\u00fcnstige 3D-Scanner, einschlie\u00dflich tragbarer 3D-Scanner, Tracking-3D-Scanner, industrielle automatisierte 3D-Systeme und professionelle 3D-Farbscanner.<\/p>\n<p>Unsere Produkte werden h\u00e4ufig in Industriebereichen wie Luft- und Raumfahrt, Automobilbau, Maschinenbau, Transportwesen, 3C-Elektronik und gr\u00fcne Energie sowie in digitalen Anwendungsbranchen wie Bildung und Forschung, 3D-Druck, Kunst und Museen, Medizin und Gesundheit sowie im \u00f6ffentlichen Bereich eingesetzt Sicherheit und Gerechtigkeit, virtuelle Welt usw. Wir widmen uns der Bereitstellung hochpr\u00e4ziser, tragbarer und intelligenter 3D-Scanner f\u00fcr unsere Kunden und streben danach, eine weltweit f\u00fchrende Marke f\u00fcr visuelle 3D-Messungen zu werden.<\/p>\n<p><img loading=\"lazy\" decoding=\"async\" class=\"alignnone size-full wp-image-6477\" src=\"https:\/\/www.3devok.com\/de\/wp-content\/uploads\/2024\/11\/photo.png\" alt=\"3DeVOK\" width=\"1267\" height=\"717\" srcset=\"https:\/\/www.3devok.com\/de\/wp-content\/uploads\/2024\/11\/photo.png 1267w, https:\/\/www.3devok.com\/de\/wp-content\/uploads\/2024\/11\/photo-300x170.png 300w, https:\/\/www.3devok.com\/de\/wp-content\/uploads\/2024\/11\/photo-1024x579.png 1024w, https:\/\/www.3devok.com\/de\/wp-content\/uploads\/2024\/11\/photo-768x435.png 768w, https:\/\/www.3devok.com\/de\/wp-content\/uploads\/2024\/11\/photo-1200x679.png 1200w\" sizes=\"(max-width: 1267px) 100vw, 1267px\" \/>[\/vc_column_text][vc_column_text]<\/p>\n<h2>Mission<\/h2>\n<p>Digitalisieren Sie alles, um eine 3D-Zukunft zu schaffen[\/vc_column_text][vc_column_text]<\/p>\n<h2>Vision<\/h2>\n<p>Eine weltweit f\u00fchrende Marke der 3D-Digitalisierung zu sein[\/vc_column_text][vc_column_text]<strong>3DeVOK &#8211; Professioneller Anbieter innovativer 3D-Digitalisierungsl\u00f6sungen<\/strong><\/p>\n<p>3DeVOK ist ein unabh\u00e4ngiger Gesch\u00e4ftsbereich von SCANTECH (HANGZHOU) CO.,LTD, der f\u00fcr die Entwicklung digitaler innovativer 3D-Anwendungen verantwortlich ist.<\/p>\n<p>Wir widmen uns der Bereitstellung professionellerer digitaler 3D-L\u00f6sungen, um den Anforderungen einer Vielzahl von Branchen gerecht zu werden, mit Schwerpunkt auf <a href=\"https:\/\/www.3devok.com\/de\/applications\/medical-rehabilitation\/\">medizinischer Rehabilitation und personalisierter Behandlung<\/a>, Industriedesign und MRO (Wartung, Reparatur und Betrieb), 3D-Druck, <a href=\"https:\/\/www.3devok.com\/de\/applications\/reverse-engineering\/\">Reverse Engineering<\/a> und Automobil Modifikationsdesign, <a href=\"https:\/\/www.3devok.com\/de\/applications\/art-and-design\/\">Kunst und Design,<\/a> innovatives Design und Entwicklung, <a href=\"https:\/\/www.3devok.com\/de\/applications\/cultural-relics-and-archaeology\/\">3D-Digitalisierung und Schutz kultureller Relikte<\/a> (Restaurierung kultureller Relikte, 3D-Druck zur Replikation, virtuelle Darstellung), <a href=\"https:\/\/www.3devok.com\/de\/applications\/digital-humans\/\">3D-Digitalisierung des menschlichen K\u00f6rpers<\/a> (k\u00fcnstlerische Portr\u00e4t-3D-Druck-Anpassung, virtuelle 3D-Figur, Bild, Film-\/Animations-CG-Charaktermodellierung, 3D-Anpassung von Kleidung usw.), <a href=\"https:\/\/www.3devok.com\/de\/applications\/virtual-display\/\">virtuelle 3D-Anzeige<\/a> (virtuelle Simulation, Online-3D-Anzeige, virtuelle AR\/VR-Pr\u00e4sentation usw.).<\/p>\n<p>Durch die Konzentration auf die zugrunde liegende Technologie des 3D-Scannens ist 3DeVOK in der Lage, eigenst\u00e4ndig fortschrittlichere 3D-Algorithmen zu entwickeln. Unser Ziel ist es, jedem und jeder Organisation intelligentere 3D-Digitaltechnologie zur Verf\u00fcgung zu stellen.[\/vc_column_text][\/vc_column][\/vc_row][vc_row][vc_column][vc_empty_space][\/vc_column][\/vc_row][vc_row][vc_column width=&#8221;1\/4&#8243;][vc_column_text]<\/p>\n<p style=\"text-align: center;\"><img loading=\"lazy\" decoding=\"async\" class=\"aligncenter wp-image-2217\" src=\"https:\/\/www.3devok.com\/de\/wp-content\/uploads\/2022\/06\/innovation-150x150.png\" alt=\"\" width=\"100\" height=\"100\" srcset=\"https:\/\/www.3devok.com\/de\/wp-content\/uploads\/2022\/06\/innovation-150x150.png 150w, https:\/\/www.3devok.com\/de\/wp-content\/uploads\/2022\/06\/innovation-300x300.png 300w, https:\/\/www.3devok.com\/de\/wp-content\/uploads\/2022\/06\/innovation.png 512w\" sizes=\"(max-width: 100px) 100vw, 100px\" \/><\/p>\n<p style=\"text-align: center;\">Innovative 3D-Digitalisierungsl\u00f6sungen<\/p>\n<p>[\/vc_column_text][\/vc_column][vc_column width=&#8221;1\/4&#8243;][vc_column_text]<\/p>\n<p style=\"text-align: center;\"><img loading=\"lazy\" decoding=\"async\" class=\"aligncenter wp-image-2219\" src=\"https:\/\/www.3devok.com\/de\/wp-content\/uploads\/2022\/06\/quality-150x150.png\" alt=\"\" width=\"100\" height=\"100\" srcset=\"https:\/\/www.3devok.com\/de\/wp-content\/uploads\/2022\/06\/quality-150x150.png 150w, https:\/\/www.3devok.com\/de\/wp-content\/uploads\/2022\/06\/quality-300x300.png 300w, https:\/\/www.3devok.com\/de\/wp-content\/uploads\/2022\/06\/quality.png 512w\" sizes=\"(max-width: 100px) 100vw, 100px\" \/><\/p>\n<p style=\"text-align: center;\">ISO-zertifiziert<\/p>\n<p>[\/vc_column_text][\/vc_column][vc_column width=&#8221;1\/4&#8243;][vc_column_text]<\/p>\n<p style=\"text-align: center;\"><img loading=\"lazy\" decoding=\"async\" class=\"aligncenter wp-image-2220\" src=\"https:\/\/www.3devok.com\/de\/wp-content\/uploads\/2022\/06\/policy-150x150.png\" alt=\"\" width=\"100\" height=\"100\" srcset=\"https:\/\/www.3devok.com\/de\/wp-content\/uploads\/2022\/06\/policy-150x150.png 150w, https:\/\/www.3devok.com\/de\/wp-content\/uploads\/2022\/06\/policy-300x300.png 300w, https:\/\/www.3devok.com\/de\/wp-content\/uploads\/2022\/06\/policy.png 512w\" sizes=\"(max-width: 100px) 100vw, 100px\" \/><\/p>\n<p style=\"text-align: center;\">System des geistigen Eigentums<\/p>\n<p>[\/vc_column_text][\/vc_column][vc_column width=&#8221;1\/4&#8243;][vc_column_text]<\/p>\n<p style=\"text-align: center;\"><img loading=\"lazy\" decoding=\"async\" class=\"alignnone wp-image-2450\" src=\"https:\/\/www.3devok.com\/de\/wp-content\/uploads\/2022\/06\/talent-management-150x150-1.png\" alt=\"\" width=\"100\" height=\"100\" \/><\/p>\n<p style=\"text-align: center;\">Investitionen in Forschung und Entwicklung<\/p>\n<p>[\/vc_column_text][\/vc_column][\/vc_row]<\/p>\n","protected":false},"excerpt":{"rendered":"<p>[vc_row][vc_column][vc_column_text] Wer wir sind [\/vc_column_text][vc_column_text] 3DeVOK Markeneinf\u00fchrung Am 11. November 2024 pr\u00e4sentierte iReal 3D von SCANTECH (HANGZHOU) CO.,LTD\u00a03D eine vollst\u00e4ndige Markenerneuerung und stellte sich als 3DeVOK\u00a0neu vor. Diese neue Identit\u00e4t spiegelt unseren unersch\u00fctterlichen Engagement f\u00fcr technologische Innovation und die Steigerung der Produktf\u00e4higkeiten f\u00fcr die Zukunft wider. Gef\u00fchrt vom Geist der kontinuierlichen Weiterentwicklung, versorgt 3DeVOK Benutzer [&hellip;]<\/p>\n","protected":false},"author":1,"featured_media":0,"parent":15,"menu_order":22,"comment_status":"closed","ping_status":"closed","template":"page-who.php","meta":{"footnotes":""},"class_list":["post-41","page","type-page","status-publish","hentry"],"_links":{"self":[{"href":"https:\/\/www.3devok.com\/de\/wp-json\/wp\/v2\/pages\/41","targetHints":{"allow":["GET"]}}],"collection":[{"href":"https:\/\/www.3devok.com\/de\/wp-json\/wp\/v2\/pages"}],"about":[{"href":"https:\/\/www.3devok.com\/de\/wp-json\/wp\/v2\/types\/page"}],"author":[{"embeddable":true,"href":"https:\/\/www.3devok.com\/de\/wp-json\/wp\/v2\/users\/1"}],"replies":[{"embeddable":true,"href":"https:\/\/www.3devok.com\/de\/wp-json\/wp\/v2\/comments?post=41"}],"version-history":[{"count":2,"href":"https:\/\/www.3devok.com\/de\/wp-json\/wp\/v2\/pages\/41\/revisions"}],"predecessor-version":[{"id":7192,"href":"https:\/\/www.3devok.com\/de\/wp-json\/wp\/v2\/pages\/41\/revisions\/7192"}],"up":[{"embeddable":true,"href":"https:\/\/www.3devok.com\/de\/wp-json\/wp\/v2\/pages\/15"}],"wp:attachment":[{"href":"https:\/\/www.3devok.com\/de\/wp-json\/wp\/v2\/media?parent=41"}],"curies":[{"name":"wp","href":"https:\/\/api.w.org\/{rel}","templated":true}]}}