{"id":28,"date":"2021-12-30T03:23:44","date_gmt":"2021-12-30T03:23:44","guid":{"rendered":"https:\/\/www.3devok.com\/?page_id=28"},"modified":"2025-08-27T12:02:21","modified_gmt":"2025-08-27T12:02:21","slug":"applications","status":"publish","type":"page","link":"https:\/\/www.3devok.com\/de\/applications-3d-models\/applications\/","title":{"rendered":"Anwendungen"},"content":{"rendered":"<p>[vc_row][vc_column][vc_column_text]<\/p>\n<h1>3D-Scan-Anwendungen<\/h1>\n<p>3DeVOK MQ ist ein kosteng\u00fcnstiger 3D-Farbscanner, der von 3DeVOK aufger\u00fcstet wurde. Es hat eine gro\u00dfe Sch\u00e4rfentiefe und einen gro\u00dfen Scanbereich und ist speziell f\u00fcr mittelgro\u00dfe bis gro\u00dfe Objekte, Portr\u00e4ts und das Scannen des menschlichen K\u00f6rpers konzipiert.<\/p>\n<p>Das 3D-Digitalisierungssystem besteht aus einem tragbaren 3D-Farbscanner, 3D-Datenerfassung und Nachbearbeitungssoftware. Sie k\u00f6nnen mittelgro\u00dfe und gro\u00dfe Kulturdenkm\u00e4ler, Kunstwerke, Skulpturen, Portr\u00e4ts, menschliche K\u00f6rperteile und modifizierte Autoteile im Labor oder vor Ort scannen.<\/p>\n<p>Dieses System kann problemlos 3D-Daten der Oberfl\u00e4chen der Artikel erhalten und Standard-3D-Datenformate (asc, stl, obj usw.) durch den softwareeigenen Nachbearbeitungsalgorithmus f\u00fcr die Datenausgabe generieren. Dies erleichtert es Ingenieuren, Software von Drittanbietern f\u00fcr Modellmodifikation\/-design, Nachbearbeitung oder 3D-Druck direkt aus den gescannten Daten zu verwenden, wenn diese vollst\u00e4ndig sind.<\/p>\n<p>Der <a href=\"https:\/\/www.3devok.com\/de\/products\/ireal-2e-3d-scanner\/\">3DeVOK-Scanner<\/a> wird in vielen Bereichen eingesetzt, z. B. in der Modellierung des menschlichen K\u00f6rpers, in der medizinischen Rehabilitation, im Kunstdesign usw. Dar\u00fcber hinaus bietet 3DeVOK seinen Kunden professionelle 3D-Digitalisierungsl\u00f6sungen aus einer Hand.[\/vc_column_text][\/vc_column][\/vc_row]<\/p>\n","protected":false},"excerpt":{"rendered":"<p>[vc_row][vc_column][vc_column_text] 3D-Scan-Anwendungen 3DeVOK MQ ist ein kosteng\u00fcnstiger 3D-Farbscanner, der von 3DeVOK aufger\u00fcstet wurde. Es hat eine gro\u00dfe Sch\u00e4rfentiefe und einen gro\u00dfen Scanbereich und ist speziell f\u00fcr mittelgro\u00dfe bis gro\u00dfe Objekte, Portr\u00e4ts und das Scannen des menschlichen K\u00f6rpers konzipiert. Das 3D-Digitalisierungssystem besteht aus einem tragbaren 3D-Farbscanner, 3D-Datenerfassung und Nachbearbeitungssoftware. Sie k\u00f6nnen mittelgro\u00dfe und gro\u00dfe Kulturdenkm\u00e4ler, Kunstwerke, [&hellip;]<\/p>\n","protected":false},"author":1,"featured_media":275,"parent":11,"menu_order":28,"comment_status":"closed","ping_status":"closed","template":"page-case.php","meta":{"footnotes":""},"class_list":["post-28","page","type-page","status-publish","has-post-thumbnail","hentry"],"_links":{"self":[{"href":"https:\/\/www.3devok.com\/de\/wp-json\/wp\/v2\/pages\/28","targetHints":{"allow":["GET"]}}],"collection":[{"href":"https:\/\/www.3devok.com\/de\/wp-json\/wp\/v2\/pages"}],"about":[{"href":"https:\/\/www.3devok.com\/de\/wp-json\/wp\/v2\/types\/page"}],"author":[{"embeddable":true,"href":"https:\/\/www.3devok.com\/de\/wp-json\/wp\/v2\/users\/1"}],"replies":[{"embeddable":true,"href":"https:\/\/www.3devok.com\/de\/wp-json\/wp\/v2\/comments?post=28"}],"version-history":[{"count":2,"href":"https:\/\/www.3devok.com\/de\/wp-json\/wp\/v2\/pages\/28\/revisions"}],"predecessor-version":[{"id":7228,"href":"https:\/\/www.3devok.com\/de\/wp-json\/wp\/v2\/pages\/28\/revisions\/7228"}],"up":[{"embeddable":true,"href":"https:\/\/www.3devok.com\/de\/wp-json\/wp\/v2\/pages\/11"}],"wp:featuredmedia":[{"embeddable":true,"href":"https:\/\/www.3devok.com\/de\/wp-json\/wp\/v2\/media\/275"}],"wp:attachment":[{"href":"https:\/\/www.3devok.com\/de\/wp-json\/wp\/v2\/media?parent=28"}],"curies":[{"name":"wp","href":"https:\/\/api.w.org\/{rel}","templated":true}]}}